{"id":120,"date":"2020-04-06T10:01:21","date_gmt":"2020-04-06T10:01:21","guid":{"rendered":"https:\/\/chozascarrascal.com\/tienda\/?page_id=120"},"modified":"2020-04-06T10:01:21","modified_gmt":"2020-04-06T10:01:21","slug":"aviso-legal","status":"publish","type":"page","link":"https:\/\/chozascarrascal.com\/tienda\/aviso-legal\/","title":{"rendered":"Aviso Legal"},"content":{"rendered":"\n<p>La p\u00e1gina Web www.chozascarrascal.com es titularidad de \u201cCHOZAS CARRASCAL, S.L.\u201d con CIF B97165765 con domicilio en la Calle Jes\u00fas, 61, Pta. 9, CP 46007 de Valencia. Sociedad inscrita en el Registro Mercantil de Valencia, TOMO 7073, LIBRO 4376, FOLIO 81, HOJA V-81235, SECCION 8\u00aa, INSCRIPCI\u00d3N 1\u00aa.<\/p>\n\n\n\n<p>Chozas Carrascal, S.L pone a disposici\u00f3n de todos los usuarios el portal chozascarrascal.com, en los t\u00e9rminos recogidos en las siguientes condiciones:<\/p>\n\n\n\n<p><strong>Primera.- Definici\u00f3n de usuario.<\/strong><\/p>\n\n\n\n<p>El acceso y\/o el uso de chozascarrascal.com otorga a quien lo realiza la condici\u00f3n de usuario del mismo, aceptando desde ese momento y sin reserva alguna las presentes Condiciones Generales, sin perjuicio de las Condiciones Particulares que pudiera establecer Chozas Carrascal, S.L, para la regulaci\u00f3n de determinados servicios y\/o contenidos.<\/p>\n\n\n\n<p>En caso de que el usuario sea menor de edad habr\u00e1 de obtener previamente permiso de sus padres, tutores o representantes legales, quienes ser\u00e1n considerados responsables a todos los efectos de todos los actos realizados por los menores a su cargo.<\/p>\n\n\n\n<p>S\u00f3lo podr\u00e1n realizar pedidos y registrarse como usuarios aquellos que sean mayores de dieciocho (18) a\u00f1os y tengan la edad m\u00ednima legal para consumir alcohol en Espa\u00f1a o en su pa\u00eds de residencia. Por tanto, el Usuario que desee realizar alg\u00fan pedido a trav\u00e9s de la p\u00e1gina Web declara que tiene la edad m\u00ednima legal requerida para consumir alcohol.<\/p>\n\n\n\n<p><strong>Segunda.- Obligaciones del usuario.<\/strong><\/p>\n\n\n\n<p>El usuario se obliga a usar chozascarrascal.com conforme a la legalidad vigente, la buena fe, el orden p\u00fablico y los usos y costumbres generalmente aceptados.<\/p>\n\n\n\n<p>Asimismo, el usuario se obliga a no utilizar chozascarrascal.com con fines il\u00edcitos o lesivos para los derechos y\/o intereses de Chozas Carrascal, S.L. y\/o terceros, y a no causar perjuicios o impedir el normal funcionamiento de chozascarrascal.com<\/p>\n\n\n\n<p><strong>Tercera.- Responsabilidad del usuario.<\/strong><\/p>\n\n\n\n<p>El uso que realice el usuario de chozascarrascal.com ser\u00e1 responsabilidad \u00fanica y exclusiva de \u00e9ste, manteniendo en todo caso indemne a chozascarrascal.com de cualquier da\u00f1o y\/o perjuicio que directa o indirectamente, la no observaci\u00f3n de las presentes Condiciones Generales por parte del usuario pudiera ocasionar al propio usuario o a terceros.<\/p>\n\n\n\n<p>En este sentido, Chozas Carrascal, se reserva el derecho a denegar el acceso y\/o uso de chozascarrascal.com o de cualquiera de sus contenidos y\/o servicios, a cualquier usuario que hubiera incumplido las presentes Condiciones Generales.<\/p>\n\n\n\n<p><strong>Cuarta.- Responsabilidad de Chozas Carrascal.<\/strong><\/p>\n\n\n\n<p>Chozas Carrascal no se hace responsable de los da\u00f1os y\/o perjuicios de cualquier naturaleza que pudiera sufrir el usuario o un tercero derivados de:<\/p>\n\n\n\n<p>(i) la falta de disponibilidad, mantenimiento o efectivo funcionamiento de chozascarrascal.com, de sus servicios o de sus contenidos;<\/p>\n\n\n\n<p>(ii) de la falta de utilidad, veracidad, adecuaci\u00f3n o validez de chozascarrascal.com , de sus servicios o de sus contenidos para satisfacer las necesidades o expectativas del usuario;<\/p>\n\n\n\n<p>(iii) de que un tercero, quebrantando las medidas de seguridad establecidas Chozas Carrascal, S.L. utilice chozascarrascal.com , sus contenidos o servicios para la remisi\u00f3n de virus, o acceda a realizar un tratamiento no autorizado de los datos almacenados por Chozas Carrascal, S.L.<\/p>\n\n\n\n<p>(iv) ni, en general, de cualquier uso de chozascarrascal.com, sus servicios y\/o contenidos que pudiera realizar el usuario o un tercero, en contra de las Condiciones de acceso y uso de los mismos establecidas Chozas Carrascal, S.L.<\/p>\n\n\n\n<p><strong>Quinta.- Autorizaci\u00f3n de uso de los contenidos.<\/strong><\/p>\n\n\n\n<p>Los contenidos que Chozas Carrascal, S.L. pone a disposici\u00f3n del usuario est\u00e1n protegidos por los derechos de propiedad intelectual necesarios y han sido legalmente cedidos a los fines oportunos por los correspondientes titulares de los mismos.<\/p>\n\n\n\n<p>Chozas Carrascal, S.L. autoriza al usuario a hacer uso de los mismos a los fines expresamente recogidos en chozascarrascal.com o en las presentes Condiciones Generales, quedando prohibida la reproducci\u00f3n, distribuci\u00f3n, modificaci\u00f3n o comunicaci\u00f3n p\u00fablica de los mismos total o parcial, excepto para los casos en los que, previa solicitud, Chozas Carrascal, S.L. acepte su reproducci\u00f3n.<\/p>\n\n\n\n<p><strong>Sexta.- Tratamiento de datos personales.<\/strong><\/p>\n\n\n\n<p>Chozas Carrascal, S.L tiene establecida una Pol\u00edtica de Privacidad que regula la recogida, almacenamiento, tratamiento y uso de los datos personales que el usuario facilite a Chozas Carrascal, S.L. En este sentido, Chozas carrascal, S.L garantiza el cumplimiento por su parte de dicha pol\u00edtica que puede ser consultada por el usuario accediendo al enlace Pol\u00edtica de Privacidad que aparece en el apartado Informaci\u00f3n.<\/p>\n\n\n\n<p><strong>S\u00e9ptima.- Directorio de Enlaces.<\/strong><\/p>\n\n\n\n<p>Los dispositivos de enlace que Chozas carrascal, S.L pone a disposici\u00f3n del usuario tienen como \u00fanica finalidad facilitar el acceso a otros contenidos y\/o servicios que pudieran ser de su inter\u00e9s, no estando \u00e9stos gestionados ni controlados por Chozas Carrascal, S.L.<\/p>\n\n\n\n<p>Chozas Carrascal, S.L no asume ning\u00fan tipo de responsabilidad directa ni indirecta en relaci\u00f3n con la licitud, veracidad, utilidad, calidad o fiabilidad de los contenidos y\/o servicios que no est\u00e9n directamente gestionados o controlados por Chozas Carrascal, S.L, aunque \u00e9stos puedan ser accesibles a trav\u00e9s de chozascarrascal.com.<\/p>\n\n\n\n<p><strong>Octava.- Modificaci\u00f3n y cancelaci\u00f3n de las presentes Condiciones.<\/strong><\/p>\n\n\n\n<p>Chozas Carrascal, S.L se reserva el derecho a modificar total o parcialmente chozascarrascal.com, su dise\u00f1o, contenidos y\/o servicios, as\u00ed como las presentes Condiciones cuando as\u00ed lo estime oportuno.<\/p>\n\n\n\n<p>Igualmente, Chozas carrascal, S.L se reserva el derecho a interrumpir, suspender temporalmente o cancelar definitivamente chozascarrascal.com o cualquiera de los contenidos y\/o servicios que lo integran, a su sola y entera discreci\u00f3n.<\/p>\n\n\n\n<p><strong>Novena.- Legislaci\u00f3n aplicable y resoluci\u00f3n de conflictos.<\/strong> <br><br>Las partes, renunciando expresamente a su propio fuero, aceptan como legislaci\u00f3n rectora de las presentes Condiciones la espa\u00f1ola, y para la resoluci\u00f3n de cuantas controversias o litigios pudieran derivarse de las mismas acuerdan someterse a la jurisdicci\u00f3n de los Juzgados y Tribunales de Valencia.<\/p>\n","protected":false},"excerpt":{"rendered":"<p>La p\u00e1gina Web www.chozascarrascal.com es titularidad de \u201cCHOZAS CARRASCAL, S.L.\u201d con CIF B97165765 con domicilio en la Calle Jes\u00fas, 61, Pta. 9, CP 46007 de Valencia. Sociedad inscrita en el Registro Mercantil de Valencia, TOMO 7073, LIBRO 4376, FOLIO 81, HOJA V-81235, SECCION 8\u00aa, INSCRIPCI\u00d3N 1\u00aa. Chozas Carrascal, S.L pone a disposici\u00f3n de todos los [&hellip;]<\/p>\n","protected":false},"author":1,"featured_media":0,"parent":0,"menu_order":0,"comment_status":"closed","ping_status":"closed","template":"","meta":{"footnotes":""},"class_list":["post-120","page","type-page","status-publish","hentry"],"_links":{"self":[{"href":"https:\/\/chozascarrascal.com\/tienda\/wp-json\/wp\/v2\/pages\/120","targetHints":{"allow":["GET"]}}],"collection":[{"href":"https:\/\/chozascarrascal.com\/tienda\/wp-json\/wp\/v2\/pages"}],"about":[{"href":"https:\/\/chozascarrascal.com\/tienda\/wp-json\/wp\/v2\/types\/page"}],"author":[{"embeddable":true,"href":"https:\/\/chozascarrascal.com\/tienda\/wp-json\/wp\/v2\/users\/1"}],"replies":[{"embeddable":true,"href":"https:\/\/chozascarrascal.com\/tienda\/wp-json\/wp\/v2\/comments?post=120"}],"version-history":[{"count":1,"href":"https:\/\/chozascarrascal.com\/tienda\/wp-json\/wp\/v2\/pages\/120\/revisions"}],"predecessor-version":[{"id":121,"href":"https:\/\/chozascarrascal.com\/tienda\/wp-json\/wp\/v2\/pages\/120\/revisions\/121"}],"wp:attachment":[{"href":"https:\/\/chozascarrascal.com\/tienda\/wp-json\/wp\/v2\/media?parent=120"}],"curies":[{"name":"wp","href":"https:\/\/api.w.org\/{rel}","templated":true}]}}