{"id":733,"date":"2022-08-23T08:02:37","date_gmt":"2022-08-23T08:02:37","guid":{"rendered":"https:\/\/chozascarrascal.com\/tienda\/?page_id=733"},"modified":"2022-08-24T09:28:34","modified_gmt":"2022-08-24T09:28:34","slug":"condiciones-venta","status":"publish","type":"page","link":"https:\/\/chozascarrascal.com\/tienda\/condiciones-venta\/","title":{"rendered":"T\u00e9rminos y condiciones de venta"},"content":{"rendered":"\n<p>Antes de efectuar cualquier transacci\u00f3n, el cliente reconoce conocer y declara aceptar dichas condiciones desde el momento en que pinche en el bot\u00f3n Acepto.<\/p>\n\n\n\n<p><strong>1. Confirmaci\u00f3n del pedido<\/strong><\/p>\n\n\n\n<p>CHOZAS CARRASCAL GR S.L. confirma la aceptaci\u00f3n de su pedido al cliente a trav\u00e9s de correo electr\u00f3nico. La venta no finalizar\u00e1 hasta que la sociedad CHOZAS CARRASCAL GR S.L. confirme el pedido.<\/p>\n\n\n\n<p>CHOZAS CARRASCAL GR S.L. se reserva la posibilidad de no confirmar un pedido por alg\u00fan motivo en concreto como el abastecimiento de productos, un problema relativo al pedido recibido (ej.: documento ilegible), un pedido anormal o un problema previsible referente a la entrega. CHOZAS CARRASCAL GR S.L. se lo informar\u00e1 al cliente.<\/p>\n\n\n\n<p>No podr\u00e1n realizarse pedidos nuevos hasta que el cliente haya efectuado el pago de las sumas debidas en concepto de los pedidos anteriores. Asimismo, la propiedad de la mercanc\u00eda no se transferir\u00e1 completamente hasta que la sociedad CHOZAS CARRASCAL GR S.L. reciba las sumas debidas por el cliente.<\/p>\n\n\n\n<p><strong>2. Condiciones de entrega de los pedidos<\/strong><\/p>\n\n\n\n<p>El cliente elegir\u00e1 el lugar y la fecha de recepci\u00f3n de la mercanc\u00eda en el momento de efectuar el pedido. CHOZAS CARRASCAL GR S.L. se reserva el derecho a utilizar todos los medios necesarios para realizar la entrega de los productos en la direcci\u00f3n indicada por el cliente. Las entregas se efectuar\u00e1n \u00fanicamente en la pen\u00ednsula y Baleares.<\/p>\n\n\n\n<p><strong>3. Plazos de entrega<\/strong><\/p>\n\n\n\n<p>Las entregas se efectuar\u00e1n en un plazo m\u00e1ximo de 24h-48h. La entrega corre por cuenta del destinatario.<\/p>\n\n\n\n<p><strong>4. Gastos de entrega y recepci\u00f3n de los pedidos<\/strong><\/p>\n\n\n\n<p>Los gastos de entrega ascienden a 6,00 euros (IVA incluido) para todos los pedidos exceptuando aquellos pedidos superiores a 40,00\u20ac<\/p>\n","protected":false},"excerpt":{"rendered":"<p>Antes de efectuar cualquier transacci\u00f3n, el cliente reconoce conocer y declara aceptar dichas condiciones desde el momento en que pinche en el bot\u00f3n Acepto. 1. Confirmaci\u00f3n del pedido CHOZAS CARRASCAL GR S.L. confirma la aceptaci\u00f3n de su pedido al cliente a trav\u00e9s de correo electr\u00f3nico. La venta no finalizar\u00e1 hasta que la sociedad CHOZAS CARRASCAL [&hellip;]<\/p>\n","protected":false},"author":1,"featured_media":0,"parent":0,"menu_order":0,"comment_status":"closed","ping_status":"closed","template":"","meta":{"footnotes":""},"class_list":["post-733","page","type-page","status-publish","hentry"],"_links":{"self":[{"href":"https:\/\/chozascarrascal.com\/tienda\/wp-json\/wp\/v2\/pages\/733","targetHints":{"allow":["GET"]}}],"collection":[{"href":"https:\/\/chozascarrascal.com\/tienda\/wp-json\/wp\/v2\/pages"}],"about":[{"href":"https:\/\/chozascarrascal.com\/tienda\/wp-json\/wp\/v2\/types\/page"}],"author":[{"embeddable":true,"href":"https:\/\/chozascarrascal.com\/tienda\/wp-json\/wp\/v2\/users\/1"}],"replies":[{"embeddable":true,"href":"https:\/\/chozascarrascal.com\/tienda\/wp-json\/wp\/v2\/comments?post=733"}],"version-history":[{"count":3,"href":"https:\/\/chozascarrascal.com\/tienda\/wp-json\/wp\/v2\/pages\/733\/revisions"}],"predecessor-version":[{"id":757,"href":"https:\/\/chozascarrascal.com\/tienda\/wp-json\/wp\/v2\/pages\/733\/revisions\/757"}],"wp:attachment":[{"href":"https:\/\/chozascarrascal.com\/tienda\/wp-json\/wp\/v2\/media?parent=733"}],"curies":[{"name":"wp","href":"https:\/\/api.w.org\/{rel}","templated":true}]}}