{"id":1267,"date":"2024-11-26T15:15:14","date_gmt":"2024-11-26T15:15:14","guid":{"rendered":"https:\/\/chozascarrascal.com\/tienda\/?post_type=product&#038;p=1267"},"modified":"2025-11-20T12:24:43","modified_gmt":"2025-11-20T12:24:43","slug":"clos-les-tailhades","status":"publish","type":"product","link":"https:\/\/chozascarrascal.com\/tienda\/producto\/clos-les-tailhades\/","title":{"rendered":"Clos les Tailhades"},"content":{"rendered":"<p><strong>Descripci\u00f3n<\/strong><\/p>\n<p><u>AOP Muscat de Saint-Jean-de-Minervois<br \/>\n<\/u><u>50cl<br \/>\n<\/u><u>Variedad:<\/u> 100% Muscat de grano menudo<\/p>\n<p>Un hermoso color amarillo p\u00e1lido con reflejos dorados. La nariz se caracteriza por notas florales: lirio del valle, jazm\u00edn, azahar, pero tambi\u00e9n por discretas notas de avellana tostada. La boca es muy amplia y redonda a la vez que fresca sobre aromas de pan caliente, brioche, frutas ex\u00f3ticas, mandarina y pi\u00f1a. Bonita persistencia arom\u00e1tica al final, donde encontramos notas brioch\u00e9es.<\/p>\n<p><u>Maridaje<br \/>\n<\/u>Puede servirse como aperitivo, junto a canap\u00e9s de pescado, foie gras o queso azul, como acompa\u00f1amiento de postres de fruta fresca o como broche final de una comida.<\/p>\n","protected":false},"excerpt":{"rendered":"<p>Descripci\u00f3n AOP Muscat de Saint-Jean-de-Minervois 50cl Variedad: 100% Muscat de grano menudo Un hermoso color amarillo p\u00e1lido con reflejos dorados. La nariz se caracteriza por notas florales: lirio del valle, jazm\u00edn, azahar, pero tambi\u00e9n por discretas notas de avellana tostada. La boca es muy amplia y redonda a la vez que fresca sobre aromas de [&hellip;]<\/p>\n","protected":false},"featured_media":1269,"template":"","meta":[],"product_brand":[],"product_cat":[19],"product_tag":[],"class_list":{"0":"post-1267","1":"product","2":"type-product","3":"status-publish","4":"has-post-thumbnail","6":"product_cat-domaine-de-montahuc","8":"first","9":"instock","10":"taxable","11":"shipping-taxable","12":"purchasable","13":"product-type-simple"},"_links":{"self":[{"href":"https:\/\/chozascarrascal.com\/tienda\/wp-json\/wp\/v2\/product\/1267","targetHints":{"allow":["GET"]}}],"collection":[{"href":"https:\/\/chozascarrascal.com\/tienda\/wp-json\/wp\/v2\/product"}],"about":[{"href":"https:\/\/chozascarrascal.com\/tienda\/wp-json\/wp\/v2\/types\/product"}],"wp:featuredmedia":[{"embeddable":true,"href":"https:\/\/chozascarrascal.com\/tienda\/wp-json\/wp\/v2\/media\/1269"}],"wp:attachment":[{"href":"https:\/\/chozascarrascal.com\/tienda\/wp-json\/wp\/v2\/media?parent=1267"}],"wp:term":[{"taxonomy":"product_brand","embeddable":true,"href":"https:\/\/chozascarrascal.com\/tienda\/wp-json\/wp\/v2\/product_brand?post=1267"},{"taxonomy":"product_cat","embeddable":true,"href":"https:\/\/chozascarrascal.com\/tienda\/wp-json\/wp\/v2\/product_cat?post=1267"},{"taxonomy":"product_tag","embeddable":true,"href":"https:\/\/chozascarrascal.com\/tienda\/wp-json\/wp\/v2\/product_tag?post=1267"}],"curies":[{"name":"wp","href":"https:\/\/api.w.org\/{rel}","templated":true}]}}