{"id":17,"date":"2020-03-26T10:33:24","date_gmt":"2020-03-26T10:33:24","guid":{"rendered":"https:\/\/chozascarrascal.com\/tienda\/?post_type=product&#038;p=17"},"modified":"2025-12-24T13:02:32","modified_gmt":"2025-12-24T13:02:32","slug":"las-tres","status":"publish","type":"product","link":"https:\/\/chozascarrascal.com\/tienda\/producto\/las-tres\/","title":{"rendered":"Las Tres"},"content":{"rendered":"<h2 class=\"vc_custom_heading\" style=\"text-align: left;\">ELABORACI\u00d3N<\/h2>\n<div class=\"vc_acf vc_txt_align_left field_5d1c7c7d13989\">\n<p style=\"text-align: left;\">Blanco fermentado y madurado en Barrica.<br \/>\nVendimia y elaboraci\u00f3n de cada variedad por separado. Vendimia de 6 a 9 de la ma\u00f1ana, en las \u00faltimas semanas de agosto y primeras de septiembre.<br \/>\nMaceraci\u00f3n pelicular de cada variedad durante 8-10 horas a baja temperatura. Separaci\u00f3n del mosto flor del prensa. Desfangado leve de los mostos a baja temperatura. La variedad Chardonnay, Sauvignon Blanc y la Macabeo fermentan en barricas nuevas y de un a\u00f1o de 220 litros de roble franc\u00e9s, con posterior bat\u00f4nnage diario durante 6-8 semanas. A final de noviembre o principio de diciembre se hace el coupage definitivo de las tres variedades. Embotellado en enero.<\/p>\n<h2 class=\"vc_custom_heading\" style=\"text-align: left;\">VARIEDADES DE UVA<\/h2>\n<div class=\"vc_acf vc_txt_align_left field_5d1c7d68c1e0f\">\n<p style=\"text-align: left;\">Chardonnay, Sauvignon Blanc y Macabeo.<br \/>\nCrianza: 6-8 semanas con bat\u00f4nnage diario.<br \/>\n2-4 semanas sobre l\u00edas finas sin bat\u00f4nnage.<\/p>\n<h2 class=\"vc_custom_heading\" style=\"text-align: left;\">AN\u00c1LISIS SENSORIAL<\/h2>\n<div class=\"vc_row wpb_row vc_inner vc_row-fluid\">\n<div class=\"wpb_column vc_column_container vc_col-sm-4\" style=\"text-align: left;\">\n<div class=\"vc_column-inner vc_custom_1562151285845\">\n<div class=\"wpb_wrapper\">\n<div class=\"wpb_single_image wpb_content_element vc_align_center\">\n<figure class=\"wpb_wrapper vc_figure\">\n<div class=\"vc_single_image-wrapper vc_box_border_grey\"><img loading=\"lazy\" decoding=\"async\" class=\"vc_single_image-img attachment-full\" src=\"http:\/\/chozascarrascal.com\/wp-content\/uploads\/2019\/05\/icono-color.png\" alt=\"\" width=\"100\" height=\"100\" \/><\/div>\n<\/figure>\n<\/div>\n<div class=\"vc_acf vc_txt_align_center field_5d1c80cc72f2c\">Amarillo pajizo con reflejo verdoso, limpio y brillante.<\/div>\n<\/div>\n<\/div>\n<\/div>\n<div class=\"wpb_column vc_column_container vc_col-sm-4\" style=\"text-align: left;\">\n<div class=\"vc_column-inner vc_custom_1562151291476\">\n<div class=\"wpb_wrapper\">\n<div class=\"wpb_single_image wpb_content_element vc_align_center\">\n<figure class=\"wpb_wrapper vc_figure\">\n<div class=\"vc_single_image-wrapper vc_box_border_grey\"><img loading=\"lazy\" decoding=\"async\" class=\"vc_single_image-img attachment-full\" src=\"http:\/\/chozascarrascal.com\/wp-content\/uploads\/2019\/05\/Icono-Aroma.png\" alt=\"\" width=\"100\" height=\"100\" \/><\/div>\n<\/figure>\n<\/div>\n<div class=\"vc_acf vc_txt_align_center field_5d1c80fc72f2d\">Envuelve la tipicidad de las tres variedades, flores blancas, c\u00edtricos y frutas tropicales, con un sutil recuerdo de vainilla y miel.<\/div>\n<\/div>\n<\/div>\n<\/div>\n<div class=\"wpb_column vc_column_container vc_col-sm-4\">\n<div class=\"vc_column-inner vc_custom_1562151295652\">\n<div class=\"wpb_wrapper\">\n<div class=\"wpb_single_image wpb_content_element vc_align_center\" style=\"text-align: left;\">\n<figure class=\"wpb_wrapper vc_figure\">\n<div class=\"vc_single_image-wrapper vc_box_border_grey\"><img loading=\"lazy\" decoding=\"async\" class=\"vc_single_image-img attachment-full\" src=\"http:\/\/chozascarrascal.com\/wp-content\/uploads\/2019\/05\/Icono-sabor.png\" alt=\"\" width=\"100\" height=\"100\" \/><\/div>\n<\/figure>\n<\/div>\n<div class=\"vc_acf vc_txt_align_center field_5d1c810672f2e\" style=\"text-align: left;\">Arom\u00e1tico y elegante por el Sauvignon Blanc. Fresco por el Macabeo. Potente y largo por el Chardonnay. Aterciopelado por el batt\u00f4nnage en barrica.<\/div>\n<div style=\"text-align: left;\"><\/div>\n<div>\n<h2><\/h2>\n<h2 class=\"vc_custom_heading\" style=\"text-align: left;\">RECOMENDACIONES<\/h2>\n<div class=\"vc_acf recomendaciones vc_txt_align_center field_5d1c7d7cc1e10\">\n<p style=\"text-align: left;\">La temperatura ideal de servicio para apreciar todo su potencial arom\u00e1tico es de 10\u00ba.<br \/>\nAdem\u00e1s de que es posible a trav\u00e9s de la temperatura, obtener un vino con m\u00e1s o menos cuerpo. As\u00ed, es recomendable servirlo a menor temperatura (6-8\u00ba) con los platos que gocen de menos sabor, y consumirlo entre 10 y 12\u00ba para los platos m\u00e1s fuertes o m\u00e1s condimentados.<br \/>\nCopa de Cata: Spiegelau Authentics 01<\/p>\n<\/div>\n<\/div>\n<\/div>\n<\/div>\n<\/div>\n<\/div>\n<\/div>\n<\/div>\n","protected":false},"excerpt":{"rendered":"<p>ELABORACI\u00d3N Blanco fermentado y madurado en Barrica. Vendimia y elaboraci\u00f3n de cada variedad por separado. Vendimia de 6 a 9 de la ma\u00f1ana, en las \u00faltimas semanas de agosto y primeras de septiembre. Maceraci\u00f3n pelicular de cada variedad durante 8-10 horas a baja temperatura. Separaci\u00f3n del mosto flor del prensa. Desfangado leve de los mostos [&hellip;]<\/p>\n","protected":false},"featured_media":21,"template":"","meta":[],"product_brand":[],"product_cat":[42,16],"product_tag":[],"class_list":{"0":"post-17","1":"product","2":"type-product","3":"status-publish","4":"has-post-thumbnail","6":"product_cat-productos","7":"product_cat-dop-chozas-carrascal","9":"first","10":"instock","11":"taxable","12":"shipping-taxable","13":"purchasable","14":"product-type-simple"},"_links":{"self":[{"href":"https:\/\/chozascarrascal.com\/tienda\/wp-json\/wp\/v2\/product\/17","targetHints":{"allow":["GET"]}}],"collection":[{"href":"https:\/\/chozascarrascal.com\/tienda\/wp-json\/wp\/v2\/product"}],"about":[{"href":"https:\/\/chozascarrascal.com\/tienda\/wp-json\/wp\/v2\/types\/product"}],"wp:featuredmedia":[{"embeddable":true,"href":"https:\/\/chozascarrascal.com\/tienda\/wp-json\/wp\/v2\/media\/21"}],"wp:attachment":[{"href":"https:\/\/chozascarrascal.com\/tienda\/wp-json\/wp\/v2\/media?parent=17"}],"wp:term":[{"taxonomy":"product_brand","embeddable":true,"href":"https:\/\/chozascarrascal.com\/tienda\/wp-json\/wp\/v2\/product_brand?post=17"},{"taxonomy":"product_cat","embeddable":true,"href":"https:\/\/chozascarrascal.com\/tienda\/wp-json\/wp\/v2\/product_cat?post=17"},{"taxonomy":"product_tag","embeddable":true,"href":"https:\/\/chozascarrascal.com\/tienda\/wp-json\/wp\/v2\/product_tag?post=17"}],"curies":[{"name":"wp","href":"https:\/\/api.w.org\/{rel}","templated":true}]}}