{"id":19,"date":"2020-03-26T10:39:36","date_gmt":"2020-03-26T10:39:36","guid":{"rendered":"https:\/\/chozascarrascal.com\/tienda\/?post_type=product&#038;p=19"},"modified":"2025-12-24T13:03:51","modified_gmt":"2025-12-24T13:03:51","slug":"las-ocho","status":"publish","type":"product","link":"https:\/\/chozascarrascal.com\/tienda\/producto\/las-ocho\/","title":{"rendered":"Las Ocho"},"content":{"rendered":"<section class=\"vc_section\">\n<div class=\"vc_row wpb_row vc_row-fluid vc_custom_1562151421806\">\n<div class=\"wpb_column vc_column_container vc_col-sm-6\">\n<div class=\"vc_column-inner vc_custom_1562151189515\">\n<div class=\"wpb_wrapper\">\n<h2 class=\"vc_custom_heading\">ELABORACI\u00d3N<\/h2>\n<div class=\"vc_acf vc_txt_align_left field_5d1c7c7d13989\">\n<p>Tinto. 14 meses en barrica de roble franc\u00e9s y 12 meses en botella.<br \/>\nCada variedad se vinifica por separado. Fermentaci\u00f3n a temperatura controlada a menos de 25\u00baC, con maceraci\u00f3n entre 2 y 3 semanas dependiendo de cada variedad.<br \/>\nDos turbopigeage diarios, y dos del\u00e9stage durante la maceraci\u00f3n, a uno y dos tercios de la fermentaci\u00f3n. En el descube se separa el vino flor del prensa.<br \/>\nPara Las Ocho se utiliza \u00fanicamente vino flor. Un 75% del vino destinado a Las Ocho se pasa a barricas de roble de franc\u00e9s de 220 litros, mientras que un 25 % se mantiene en dep\u00f3sitos.<br \/>\nAntes del embotellado se hace el coupage final mezclando estas dos proporciones, mientras que el porcentaje de cada variedad depende con la a\u00f1ada.<\/p>\n<\/div>\n<\/div>\n<\/div>\n<\/div>\n<div class=\"wpb_column vc_column_container vc_col-sm-6\">\n<div class=\"vc_column-inner vc_custom_1562151197454\">\n<div class=\"wpb_wrapper\">\n<h2 class=\"vc_custom_heading\">VARIEDADES DE UVA<\/h2>\n<div class=\"vc_acf vc_txt_align_left field_5d1c7d68c1e0f\">\n<p>Bobal, Monastrell, Garnacha Tinta, Tempranillo, Cabernet Sauvignon, Cabernet Franc, Syrah y Merlot.<\/p>\n<\/div>\n<\/div>\n<\/div>\n<\/div>\n<\/div>\n<\/section>\n<div class=\"vc_row wpb_row vc_row-fluid vc_custom_1562151412695\">\n<div class=\"wpb_column vc_column_container vc_col-sm-12\">\n<div class=\"vc_column-inner\">\n<div class=\"wpb_wrapper\">\n<h2 class=\"vc_custom_heading\">AN\u00c1LISIS SENSORIAL<\/h2>\n<div class=\"vc_row wpb_row vc_inner vc_row-fluid\">\n<div class=\"wpb_column vc_column_container vc_col-sm-4\">\n<div class=\"vc_column-inner vc_custom_1562151285845\">\n<div class=\"wpb_wrapper\">\n<div class=\"wpb_single_image wpb_content_element vc_align_center\">\n<figure class=\"wpb_wrapper vc_figure\">\n<div class=\"vc_single_image-wrapper vc_box_border_grey\"><img loading=\"lazy\" decoding=\"async\" class=\"vc_single_image-img attachment-full\" src=\"http:\/\/chozascarrascal.com\/wp-content\/uploads\/2019\/05\/icono-color.png\" alt=\"\" width=\"100\" height=\"100\" \/><\/div>\n<\/figure>\n<\/div>\n<div class=\"vc_acf vc_txt_align_center field_5d1c80cc72f2c\">Rojo rub\u00ed con intensa capa. Limpio y brillante.<\/div>\n<\/div>\n<\/div>\n<\/div>\n<div class=\"wpb_column vc_column_container vc_col-sm-4\">\n<div class=\"vc_column-inner vc_custom_1562151291476\">\n<div class=\"wpb_wrapper\">\n<div class=\"wpb_single_image wpb_content_element vc_align_center\">\n<figure class=\"wpb_wrapper vc_figure\">\n<div class=\"vc_single_image-wrapper vc_box_border_grey\"><img loading=\"lazy\" decoding=\"async\" class=\"vc_single_image-img attachment-full\" src=\"http:\/\/chozascarrascal.com\/wp-content\/uploads\/2019\/05\/Icono-Aroma.png\" alt=\"\" width=\"100\" height=\"100\" \/><\/div>\n<\/figure>\n<\/div>\n<div class=\"vc_acf vc_txt_align_center field_5d1c80fc72f2d\">Frutal y bals\u00e1mico. Intenso y elegante. Vainilla y tostados. Combinaci\u00f3n de ocho variedades armonizadas en barricas de roble de los bosques de Allier.<\/div>\n<\/div>\n<\/div>\n<\/div>\n<div class=\"wpb_column vc_column_container vc_col-sm-4\">\n<div class=\"vc_column-inner vc_custom_1562151295652\">\n<div class=\"wpb_wrapper\">\n<div class=\"wpb_single_image wpb_content_element vc_align_center\">\n<figure class=\"wpb_wrapper vc_figure\">\n<div class=\"vc_single_image-wrapper vc_box_border_grey\"><img loading=\"lazy\" decoding=\"async\" class=\"vc_single_image-img attachment-full\" src=\"http:\/\/chozascarrascal.com\/wp-content\/uploads\/2019\/05\/Icono-sabor.png\" alt=\"\" width=\"100\" height=\"100\" \/><\/div>\n<\/figure>\n<\/div>\n<div class=\"vc_acf vc_txt_align_center field_5d1c810672f2e\">Potente y carnoso. Equilibrado en todo el recorrido en boca debido a sus taninos maduros y redondos. Recuerdos bals\u00e1micos, a vainilla, caf\u00e9 y chocolate, con un sutil toque mineral.<\/div>\n<\/div>\n<\/div>\n<\/div>\n<\/div>\n<\/div>\n<\/div>\n<\/div>\n<\/div>\n<div class=\"vc_row wpb_row vc_row-fluid vc_custom_1562151432699\">\n<div class=\"wpb_column vc_column_container vc_col-sm-12\">\n<div class=\"vc_column-inner\">\n<div class=\"wpb_wrapper\">\n<h2><\/h2>\n<h2 class=\"vc_custom_heading\">RECOMENDACIONES<\/h2>\n<div class=\"vc_acf recomendaciones vc_txt_align_center field_5d1c7d7cc1e10\">\n<p>Temperatura de servicio: 14\u00ba- 16\u00ba aproximadamente.<br \/>\nTodas estas caracter\u00edsticas hacen de Las Ocho un vino que se adec\u00faa a una amplia gama de propuestas gastron\u00f3micas actuales.<br \/>\nCapaz de respetar la textura untuosa de las legumbres y al mismo tiempo servir de soporte a condimentos, especias y carnes que puedan acompa\u00f1arlas<br \/>\nCopa de Cata: Spliegelau Authentics 01<\/p>\n<\/div>\n<\/div>\n<\/div>\n<\/div>\n<\/div>\n","protected":false},"excerpt":{"rendered":"<p>ELABORACI\u00d3N Tinto. 14 meses en barrica de roble franc\u00e9s y 12 meses en botella. Cada variedad se vinifica por separado. Fermentaci\u00f3n a temperatura controlada a menos de 25\u00baC, con maceraci\u00f3n entre 2 y 3 semanas dependiendo de cada variedad. Dos turbopigeage diarios, y dos del\u00e9stage durante la maceraci\u00f3n, a uno y dos tercios de la [&hellip;]<\/p>\n","protected":false},"featured_media":20,"template":"","meta":[],"product_brand":[],"product_cat":[42,16],"product_tag":[],"class_list":{"0":"post-19","1":"product","2":"type-product","3":"status-publish","4":"has-post-thumbnail","6":"product_cat-productos","7":"product_cat-dop-chozas-carrascal","9":"first","10":"instock","11":"taxable","12":"shipping-taxable","13":"purchasable","14":"product-type-simple"},"_links":{"self":[{"href":"https:\/\/chozascarrascal.com\/tienda\/wp-json\/wp\/v2\/product\/19","targetHints":{"allow":["GET"]}}],"collection":[{"href":"https:\/\/chozascarrascal.com\/tienda\/wp-json\/wp\/v2\/product"}],"about":[{"href":"https:\/\/chozascarrascal.com\/tienda\/wp-json\/wp\/v2\/types\/product"}],"wp:featuredmedia":[{"embeddable":true,"href":"https:\/\/chozascarrascal.com\/tienda\/wp-json\/wp\/v2\/media\/20"}],"wp:attachment":[{"href":"https:\/\/chozascarrascal.com\/tienda\/wp-json\/wp\/v2\/media?parent=19"}],"wp:term":[{"taxonomy":"product_brand","embeddable":true,"href":"https:\/\/chozascarrascal.com\/tienda\/wp-json\/wp\/v2\/product_brand?post=19"},{"taxonomy":"product_cat","embeddable":true,"href":"https:\/\/chozascarrascal.com\/tienda\/wp-json\/wp\/v2\/product_cat?post=19"},{"taxonomy":"product_tag","embeddable":true,"href":"https:\/\/chozascarrascal.com\/tienda\/wp-json\/wp\/v2\/product_tag?post=19"}],"curies":[{"name":"wp","href":"https:\/\/api.w.org\/{rel}","templated":true}]}}