{"id":258,"date":"2020-06-26T08:40:03","date_gmt":"2020-06-26T08:40:03","guid":{"rendered":"https:\/\/chozascarrascal.com\/tienda\/?post_type=product&#038;p=258"},"modified":"2025-11-20T12:26:59","modified_gmt":"2025-11-20T12:26:59","slug":"prelude","status":"publish","type":"product","link":"https:\/\/chozascarrascal.com\/tienda\/producto\/prelude\/","title":{"rendered":"Pr\u00e9lude"},"content":{"rendered":"<p>\u2022 Variedad: 100% moscatel de grano menudo<\/p>\n<p>Es un tributo a la gran dama blanca del rinc\u00f3n de donde proviene, Languedoc-Rosell\u00f3n, Francia. Elaborado como vino seco, con una crianza sobre l\u00edas de 3 meses. Se trata de un vino profundo con un marcado car\u00e1cter floral, sabroso y mineral, y que cuenta con una gran tensi\u00f3n gracias a su excelente acidez.<\/p>\n","protected":false},"excerpt":{"rendered":"<p>\u2022 Variedad: 100% moscatel de grano menudo Es un tributo a la gran dama blanca del rinc\u00f3n de donde proviene, Languedoc-Rosell\u00f3n, Francia. Elaborado como vino seco, con una crianza sobre l\u00edas de 3 meses. Se trata de un vino profundo con un marcado car\u00e1cter floral, sabroso y mineral, y que cuenta con una gran tensi\u00f3n [&hellip;]<\/p>\n","protected":false},"featured_media":263,"template":"","meta":[],"product_brand":[],"product_cat":[42,19],"product_tag":[],"class_list":{"0":"post-258","1":"product","2":"type-product","3":"status-publish","4":"has-post-thumbnail","6":"product_cat-productos","7":"product_cat-domaine-de-montahuc","9":"first","10":"instock","11":"taxable","12":"shipping-taxable","13":"purchasable","14":"product-type-simple"},"_links":{"self":[{"href":"https:\/\/chozascarrascal.com\/tienda\/wp-json\/wp\/v2\/product\/258","targetHints":{"allow":["GET"]}}],"collection":[{"href":"https:\/\/chozascarrascal.com\/tienda\/wp-json\/wp\/v2\/product"}],"about":[{"href":"https:\/\/chozascarrascal.com\/tienda\/wp-json\/wp\/v2\/types\/product"}],"wp:featuredmedia":[{"embeddable":true,"href":"https:\/\/chozascarrascal.com\/tienda\/wp-json\/wp\/v2\/media\/263"}],"wp:attachment":[{"href":"https:\/\/chozascarrascal.com\/tienda\/wp-json\/wp\/v2\/media?parent=258"}],"wp:term":[{"taxonomy":"product_brand","embeddable":true,"href":"https:\/\/chozascarrascal.com\/tienda\/wp-json\/wp\/v2\/product_brand?post=258"},{"taxonomy":"product_cat","embeddable":true,"href":"https:\/\/chozascarrascal.com\/tienda\/wp-json\/wp\/v2\/product_cat?post=258"},{"taxonomy":"product_tag","embeddable":true,"href":"https:\/\/chozascarrascal.com\/tienda\/wp-json\/wp\/v2\/product_tag?post=258"}],"curies":[{"name":"wp","href":"https:\/\/api.w.org\/{rel}","templated":true}]}}