{"id":264,"date":"2020-06-26T08:47:45","date_gmt":"2020-06-26T08:47:45","guid":{"rendered":"https:\/\/chozascarrascal.com\/tienda\/?post_type=product&#038;p=264"},"modified":"2025-11-20T12:25:22","modified_gmt":"2025-11-20T12:25:22","slug":"canyon-de-leglise","status":"publish","type":"product","link":"https:\/\/chozascarrascal.com\/tienda\/producto\/canyon-de-leglise\/","title":{"rendered":"Canyon de L&#8217;\u00c9glise"},"content":{"rendered":"<p>\u2022 Variedad: Syrah (65%), Garnacha (25%) y Cari\u00f1ena (10%)<\/p>\n<p>Un vino con un color vivo y profundo, con ricos recuerdos a flores silvestres y hierbas de monte, donde el car\u00e1cter mediterr\u00e1neo marca su personalidad, con taninos presentes, con una viva acidez, un final elegante con presencia de fruta roja madura y un marcado trasfondo calizo propio de sus suelos.<\/p>\n","protected":false},"excerpt":{"rendered":"<p>\u2022 Variedad: Syrah (65%), Garnacha (25%) y Cari\u00f1ena (10%) Un vino con un color vivo y profundo, con ricos recuerdos a flores silvestres y hierbas de monte, donde el car\u00e1cter mediterr\u00e1neo marca su personalidad, con taninos presentes, con una viva acidez, un final elegante con presencia de fruta roja madura y un marcado trasfondo calizo [&hellip;]<\/p>\n","protected":false},"featured_media":265,"template":"","meta":[],"product_brand":[],"product_cat":[42,19],"product_tag":[],"class_list":{"0":"post-264","1":"product","2":"type-product","3":"status-publish","4":"has-post-thumbnail","6":"product_cat-productos","7":"product_cat-domaine-de-montahuc","9":"first","10":"instock","11":"taxable","12":"shipping-taxable","13":"purchasable","14":"product-type-simple"},"_links":{"self":[{"href":"https:\/\/chozascarrascal.com\/tienda\/wp-json\/wp\/v2\/product\/264","targetHints":{"allow":["GET"]}}],"collection":[{"href":"https:\/\/chozascarrascal.com\/tienda\/wp-json\/wp\/v2\/product"}],"about":[{"href":"https:\/\/chozascarrascal.com\/tienda\/wp-json\/wp\/v2\/types\/product"}],"wp:featuredmedia":[{"embeddable":true,"href":"https:\/\/chozascarrascal.com\/tienda\/wp-json\/wp\/v2\/media\/265"}],"wp:attachment":[{"href":"https:\/\/chozascarrascal.com\/tienda\/wp-json\/wp\/v2\/media?parent=264"}],"wp:term":[{"taxonomy":"product_brand","embeddable":true,"href":"https:\/\/chozascarrascal.com\/tienda\/wp-json\/wp\/v2\/product_brand?post=264"},{"taxonomy":"product_cat","embeddable":true,"href":"https:\/\/chozascarrascal.com\/tienda\/wp-json\/wp\/v2\/product_cat?post=264"},{"taxonomy":"product_tag","embeddable":true,"href":"https:\/\/chozascarrascal.com\/tienda\/wp-json\/wp\/v2\/product_tag?post=264"}],"curies":[{"name":"wp","href":"https:\/\/api.w.org\/{rel}","templated":true}]}}