{"id":28,"date":"2020-03-26T11:00:26","date_gmt":"2020-03-26T11:00:26","guid":{"rendered":"https:\/\/chozascarrascal.com\/tienda\/?post_type=product&#038;p=28"},"modified":"2025-12-24T13:01:18","modified_gmt":"2025-12-24T13:01:18","slug":"cabernet-familiar","status":"publish","type":"product","link":"https:\/\/chozascarrascal.com\/tienda\/producto\/cabernet-familiar\/","title":{"rendered":"Cabernet Familiar"},"content":{"rendered":"<section class=\"vc_section\">\n<div class=\"vc_row wpb_row vc_row-fluid vc_custom_1562151421806\">\n<div class=\"wpb_column vc_column_container vc_col-sm-6\">\n<div class=\"vc_column-inner vc_custom_1562151189515\">\n<div class=\"wpb_wrapper\">\n<h2 class=\"vc_custom_heading\">ELABORACI\u00d3N<\/h2>\n<div class=\"vc_acf vc_txt_align_left field_5d1c7c7d13989\">\n<p>Vendimia manual en el que seleccionamos grano a grano la uva.<br \/>\nSe vinifica en un dep\u00f3sito de hormig\u00f3n de 100 Hl con una maceraci\u00f3n de entre 2 y 3 semanas dependiendo de la a\u00f1ada. A lo largo de este periodo se realiza dos turbopigeage diarios; a uno y dos tercios de la fermentaci\u00f3n se realiza un del\u00e9stage.<br \/>\nEl vino flor hace la malol\u00e1ctica en barricas de roble franc\u00e9s de primer uso para tintos. Estas barricas han sido antes utilizadas para la fermentaci\u00f3n y crianza sobre l\u00edas de vino blanco. Durante los primeros meses de crianza se lleva a cabo bat\u00f4nnage semanalmente.<br \/>\nEste vino permanece en barrica de 220 litros durante 5-7 meses dependiendo de la a\u00f1ada.<\/p>\n<\/div>\n<\/div>\n<\/div>\n<\/div>\n<div class=\"wpb_column vc_column_container vc_col-sm-6\">\n<div class=\"vc_column-inner vc_custom_1562151197454\">\n<div class=\"wpb_wrapper\">\n<h2 class=\"vc_custom_heading\">VARIEDADES DE UVA<\/h2>\n<div class=\"vc_acf vc_txt_align_left field_5d1c7d68c1e0f\">\n<p>Monovarietal, Cabernet Franc 100%.<br \/>\nCrianza: 9 meses en barricas nuevas de roble franc\u00e9s.<\/p>\n<\/div>\n<\/div>\n<\/div>\n<\/div>\n<\/div>\n<\/section>\n<div class=\"vc_row wpb_row vc_row-fluid vc_custom_1562151412695\">\n<div class=\"wpb_column vc_column_container vc_col-sm-12\">\n<div class=\"vc_column-inner\">\n<div class=\"wpb_wrapper\">\n<h2 class=\"vc_custom_heading\">AN\u00c1LISIS SENSORIAL<\/h2>\n<div class=\"vc_row wpb_row vc_inner vc_row-fluid\">\n<div class=\"wpb_column vc_column_container vc_col-sm-4\">\n<div class=\"vc_column-inner vc_custom_1562151285845\">\n<div class=\"wpb_wrapper\">\n<div class=\"wpb_single_image wpb_content_element vc_align_center\">\n<figure class=\"wpb_wrapper vc_figure\">\n<div class=\"vc_single_image-wrapper vc_box_border_grey\"><img loading=\"lazy\" decoding=\"async\" class=\"vc_single_image-img attachment-full\" src=\"http:\/\/chozascarrascal.com\/wp-content\/uploads\/2019\/05\/icono-color.png\" alt=\"\" width=\"100\" height=\"100\" \/><\/div>\n<\/figure>\n<\/div>\n<div class=\"vc_acf vc_txt_align_center field_5d1c80cc72f2c\">Rojo-viol\u00e1ceo con alta capa. Limpio y brillante.<\/div>\n<\/div>\n<\/div>\n<\/div>\n<div class=\"wpb_column vc_column_container vc_col-sm-4\">\n<div class=\"vc_column-inner vc_custom_1562151291476\">\n<div class=\"wpb_wrapper\">\n<div class=\"wpb_single_image wpb_content_element vc_align_center\">\n<figure class=\"wpb_wrapper vc_figure\">\n<div class=\"vc_single_image-wrapper vc_box_border_grey\"><img loading=\"lazy\" decoding=\"async\" class=\"vc_single_image-img attachment-full\" src=\"http:\/\/chozascarrascal.com\/wp-content\/uploads\/2019\/05\/Icono-Aroma.png\" alt=\"\" width=\"100\" height=\"100\" \/><\/div>\n<\/figure>\n<\/div>\n<div class=\"vc_acf vc_txt_align_center field_5d1c80fc72f2d\">Aroma elegante y directo. Explosi\u00f3n de frutas negras sobre un fondo mineral.<\/div>\n<\/div>\n<\/div>\n<\/div>\n<div class=\"wpb_column vc_column_container vc_col-sm-4\">\n<div class=\"vc_column-inner vc_custom_1562151295652\">\n<div class=\"wpb_wrapper\">\n<div class=\"wpb_single_image wpb_content_element vc_align_center\">\n<figure class=\"wpb_wrapper vc_figure\">\n<div class=\"vc_single_image-wrapper vc_box_border_grey\"><img loading=\"lazy\" decoding=\"async\" class=\"vc_single_image-img attachment-full\" src=\"http:\/\/chozascarrascal.com\/wp-content\/uploads\/2019\/05\/Icono-sabor.png\" alt=\"\" width=\"100\" height=\"100\" \/><\/div>\n<\/figure>\n<\/div>\n<div class=\"vc_acf vc_txt_align_center field_5d1c810672f2e\">Expresivo con cuerpo y car\u00e1cter, que le confiere el terroir y la variedad. Envolvente, mineral y bals\u00e1mico.<\/div>\n<\/div>\n<\/div>\n<\/div>\n<\/div>\n<\/div>\n<\/div>\n<\/div>\n<\/div>\n<div class=\"vc_row wpb_row vc_row-fluid vc_custom_1562151432699\">\n<div class=\"wpb_column vc_column_container vc_col-sm-12\">\n<div class=\"vc_column-inner\">\n<div class=\"wpb_wrapper\">\n<h2><\/h2>\n<h2 class=\"vc_custom_heading\">RECOMENDACIONES<\/h2>\n<div class=\"vc_acf recomendaciones vc_txt_align_center field_5d1c7d7cc1e10\">\n<p>Temperatura de servicio: 14-16\u00ba.<br \/>\nEste monovarietal acompa\u00f1a perfectamente platos muy estructurados de sabores y ricos en aromas en los que entra a formar parte la cocina m\u00e1s tradicional. Por su tanino potente, pero a la vez redondo y maduro, armoniza con carnes rojas.<br \/>\nCopa de Cata: Spiegelau Authentics 01.<\/p>\n<\/div>\n<\/div>\n<\/div>\n<\/div>\n<\/div>\n","protected":false},"excerpt":{"rendered":"<p>ELABORACI\u00d3N Vendimia manual en el que seleccionamos grano a grano la uva. Se vinifica en un dep\u00f3sito de hormig\u00f3n de 100 Hl con una maceraci\u00f3n de entre 2 y 3 semanas dependiendo de la a\u00f1ada. A lo largo de este periodo se realiza dos turbopigeage diarios; a uno y dos tercios de la fermentaci\u00f3n se [&hellip;]<\/p>\n","protected":false},"featured_media":29,"template":"","meta":[],"product_brand":[],"product_cat":[42,16],"product_tag":[],"class_list":{"0":"post-28","1":"product","2":"type-product","3":"status-publish","4":"has-post-thumbnail","6":"product_cat-productos","7":"product_cat-dop-chozas-carrascal","9":"first","10":"instock","11":"taxable","12":"shipping-taxable","13":"purchasable","14":"product-type-simple"},"_links":{"self":[{"href":"https:\/\/chozascarrascal.com\/tienda\/wp-json\/wp\/v2\/product\/28","targetHints":{"allow":["GET"]}}],"collection":[{"href":"https:\/\/chozascarrascal.com\/tienda\/wp-json\/wp\/v2\/product"}],"about":[{"href":"https:\/\/chozascarrascal.com\/tienda\/wp-json\/wp\/v2\/types\/product"}],"wp:featuredmedia":[{"embeddable":true,"href":"https:\/\/chozascarrascal.com\/tienda\/wp-json\/wp\/v2\/media\/29"}],"wp:attachment":[{"href":"https:\/\/chozascarrascal.com\/tienda\/wp-json\/wp\/v2\/media?parent=28"}],"wp:term":[{"taxonomy":"product_brand","embeddable":true,"href":"https:\/\/chozascarrascal.com\/tienda\/wp-json\/wp\/v2\/product_brand?post=28"},{"taxonomy":"product_cat","embeddable":true,"href":"https:\/\/chozascarrascal.com\/tienda\/wp-json\/wp\/v2\/product_cat?post=28"},{"taxonomy":"product_tag","embeddable":true,"href":"https:\/\/chozascarrascal.com\/tienda\/wp-json\/wp\/v2\/product_tag?post=28"}],"curies":[{"name":"wp","href":"https:\/\/api.w.org\/{rel}","templated":true}]}}