{"id":296,"date":"2020-09-18T10:01:29","date_gmt":"2020-09-18T10:01:29","guid":{"rendered":"https:\/\/chozascarrascal.com\/tienda\/?post_type=product&#038;p=296"},"modified":"2025-12-24T12:58:56","modified_gmt":"2025-12-24T12:58:56","slug":"mudare","status":"publish","type":"product","link":"https:\/\/chozascarrascal.com\/tienda\/producto\/mudare\/","title":{"rendered":"Mudare"},"content":{"rendered":"<p>Elaboraci\u00f3n:<\/p>\n<p>Maceraci\u00f3n pelicular de 14 d\u00edas, sin control de temperatura. Realizaci\u00f3n de 3 bazuqueos diarios durante el periodo de maceraci\u00f3n\/fermentaci\u00f3n Una vez finalizada la fermentaci\u00f3n alcoh\u00f3lica se procede a realizar el prensado de la uva, obteniendo \u00fanicamente fracciones de prensado suave. Obtenido el vino flor, se le realiza una ligera correcci\u00f3n para evitar la fermentaci\u00f3n malol\u00e1ctica, obteniendo as\u00ed un vino de marcada acidez.<\/p>\n<p>Permanece en barrica durante 6-8 meses, en funci\u00f3n de la evoluci\u00f3n del vino, pasando a realizar 3 battonage por semana, una vez transcurridos los 2 primeros meses de crianza, en los cuales se realizaban 2 al d\u00eda.<\/p>\n<p>Variedad de uva:<\/p>\n<p>100% Macabeo<\/p>\n<p>An\u00e1lisis sensorial:<\/p>\n<p>Color: Amarillo pajizo con reflejo dorado, limpio y brillante.<br \/>\nNariz: En nariz apreciamos diferentes tipos de aromas, siendo un vino de marcada complejidad arom\u00e1tica, revela aromas a c\u00e1scara de naranja, melocot\u00f3n, azahares y ligeros toques a boller\u00eda y frutos secos, debido a su paso por barrica vieja.<br \/>\nBoca: Sensaci\u00f3n ligera pero estructurada debido a su tanicidad, de perfil afilado solo atenuado por su estructura. Vino fresco y persistente. Final de boca levemente amargo con recuerdos salinos.<\/p>\n<p>Recomendaciones:<\/p>\n<p>Temperatura de servicio: Entre 12\u00ba- 14\u00ba aproximadamente<br \/>\nConsumo: \u00d3ptimo hasta 2030 aproximadamente si se conserva en buenas condiciones.<\/p>\n<p>Maridaje: Al tratarse de un vino sutil, ligero, elegante, pero a la vez complejo, es recomendable combinarlo con comidas de sabores no demasiado intensos para no enmascarar el vino y poder disfrutar de \u00e9l en todo su esplendor.<\/p>\n","protected":false},"excerpt":{"rendered":"<p>Elaboraci\u00f3n: Maceraci\u00f3n pelicular de 14 d\u00edas, sin control de temperatura. Realizaci\u00f3n de 3 bazuqueos diarios durante el periodo de maceraci\u00f3n\/fermentaci\u00f3n Una vez finalizada la fermentaci\u00f3n alcoh\u00f3lica se procede a realizar el prensado de la uva, obteniendo \u00fanicamente fracciones de prensado suave. Obtenido el vino flor, se le realiza una ligera correcci\u00f3n para evitar la fermentaci\u00f3n [&hellip;]<\/p>\n","protected":false},"featured_media":297,"template":"","meta":[],"product_brand":[],"product_cat":[42,25],"product_tag":[],"class_list":{"0":"post-296","1":"product","2":"type-product","3":"status-publish","4":"has-post-thumbnail","6":"product_cat-productos","7":"product_cat-vinos-de-parcela","9":"first","10":"instock","11":"taxable","12":"shipping-taxable","13":"purchasable","14":"product-type-simple"},"_links":{"self":[{"href":"https:\/\/chozascarrascal.com\/tienda\/wp-json\/wp\/v2\/product\/296","targetHints":{"allow":["GET"]}}],"collection":[{"href":"https:\/\/chozascarrascal.com\/tienda\/wp-json\/wp\/v2\/product"}],"about":[{"href":"https:\/\/chozascarrascal.com\/tienda\/wp-json\/wp\/v2\/types\/product"}],"wp:featuredmedia":[{"embeddable":true,"href":"https:\/\/chozascarrascal.com\/tienda\/wp-json\/wp\/v2\/media\/297"}],"wp:attachment":[{"href":"https:\/\/chozascarrascal.com\/tienda\/wp-json\/wp\/v2\/media?parent=296"}],"wp:term":[{"taxonomy":"product_brand","embeddable":true,"href":"https:\/\/chozascarrascal.com\/tienda\/wp-json\/wp\/v2\/product_brand?post=296"},{"taxonomy":"product_cat","embeddable":true,"href":"https:\/\/chozascarrascal.com\/tienda\/wp-json\/wp\/v2\/product_cat?post=296"},{"taxonomy":"product_tag","embeddable":true,"href":"https:\/\/chozascarrascal.com\/tienda\/wp-json\/wp\/v2\/product_tag?post=296"}],"curies":[{"name":"wp","href":"https:\/\/api.w.org\/{rel}","templated":true}]}}