{"id":64,"date":"2020-03-26T12:32:09","date_gmt":"2020-03-26T12:32:09","guid":{"rendered":"https:\/\/chozascarrascal.com\/tienda\/?post_type=product&#038;p=64"},"modified":"2025-12-24T13:12:00","modified_gmt":"2025-12-24T13:12:00","slug":"el-cava-chozas-carrascal-brut-nature-reserva","status":"publish","type":"product","link":"https:\/\/chozascarrascal.com\/tienda\/producto\/el-cava-chozas-carrascal-brut-nature-reserva\/","title":{"rendered":"Cava Unique \u2013 Brut Nature (Pr\u00f3ximamente nueva a\u00f1ada)"},"content":{"rendered":"<section class=\"vc_section\">\n<div class=\"vc_row wpb_row vc_row-fluid vc_custom_1562151421806\">\n<div class=\"wpb_column vc_column_container vc_col-sm-6\">\n<div class=\"vc_column-inner vc_custom_1562151189515\">\n<div class=\"wpb_wrapper\">\n<h2 class=\"vc_custom_heading\">ELABORACI\u00d3N<\/h2>\n<div class=\"vc_acf vc_txt_align_left field_5d1c7c7d13989\">\n<p>Vendimia y elaboraci\u00f3n de cada variedad por separado. Vendimia de 6 a 9 de la ma\u00f1ana, en la segunda quincena de agosto.<br \/>\nMaceraci\u00f3n pelicular bajo hiperreducci\u00f3n de cada variedad durante 24 horas a baja temperatura. Separaci\u00f3n del mosto flor del prensa. Desfangado leve de los mostos a baja temperatura. Fermentaci\u00f3n a temperatura inferior de 18 \u00baC. Tras la fermentaci\u00f3n alcoh\u00f3lica entre un 15% y un 20% del vino hace una crianza de un par de meses en barricas de segundo a\u00f1o de roble franc\u00e9s de 220 litros, con dos bat\u00f4nage semanales.<br \/>\nA mediados de diciembre se hace el coupage entre Chardonnay y Macabeo dando un vino base cava de menos de 11.5\u00ba alcoh\u00f3licos.<br \/>\nEn el mes de enero se hace el tiraje (adici\u00f3n de az\u00facar y levaduras al vino base antes de su inmediato embotellado, para as\u00ed producir la segunda fermentaci\u00f3n en botella).<br \/>\nEl deg\u00fcelle se hace, despu\u00e9s de m\u00ednimo 15 meses de rima en cava subterr\u00e1nea, sin adici\u00f3n de az\u00facar. Resultando as\u00ed un Cava Brut Nature.<br \/>\nZona: DO Cava.<\/p>\n<\/div>\n<\/div>\n<\/div>\n<\/div>\n<div class=\"wpb_column vc_column_container vc_col-sm-6\">\n<div class=\"vc_column-inner vc_custom_1562151197454\">\n<div class=\"wpb_wrapper\">\n<h2 class=\"vc_custom_heading\">VARIEDADES DE UVA<\/h2>\n<div class=\"vc_acf vc_txt_align_left field_5d1c7d68c1e0f\">\n<p>Chardonnay y Macabeo.<\/p>\n<\/div>\n<\/div>\n<\/div>\n<\/div>\n<\/div>\n<\/section>\n<div class=\"vc_row wpb_row vc_row-fluid vc_custom_1562151412695\">\n<div class=\"wpb_column vc_column_container vc_col-sm-12\">\n<div class=\"vc_column-inner\">\n<div class=\"wpb_wrapper\">\n<h2 class=\"vc_custom_heading\">AN\u00c1LISIS SENSORIAL<\/h2>\n<div class=\"vc_row wpb_row vc_inner vc_row-fluid\">\n<div class=\"wpb_column vc_column_container vc_col-sm-4\">\n<div class=\"vc_column-inner vc_custom_1562151285845\">\n<div class=\"wpb_wrapper\">\n<div class=\"wpb_single_image wpb_content_element vc_align_center\">\n<figure class=\"wpb_wrapper vc_figure\">\n<div class=\"vc_single_image-wrapper vc_box_border_grey\"><img loading=\"lazy\" decoding=\"async\" class=\"vc_single_image-img attachment-full\" src=\"http:\/\/chozascarrascal.com\/wp-content\/uploads\/2019\/05\/icono-color.png\" alt=\"\" width=\"100\" height=\"100\" \/><\/div>\n<\/figure>\n<\/div>\n<div class=\"vc_acf vc_txt_align_center field_5d1c80cc72f2c\">Amarillo pajizo con reflejos dorados. Limpio y brillante. Burbuja fina y persistente.<\/div>\n<\/div>\n<\/div>\n<\/div>\n<div class=\"wpb_column vc_column_container vc_col-sm-4\">\n<div class=\"vc_column-inner vc_custom_1562151291476\">\n<div class=\"wpb_wrapper\">\n<div class=\"wpb_single_image wpb_content_element vc_align_center\">\n<figure class=\"wpb_wrapper vc_figure\">\n<div class=\"vc_single_image-wrapper vc_box_border_grey\"><img loading=\"lazy\" decoding=\"async\" class=\"vc_single_image-img attachment-full\" src=\"http:\/\/chozascarrascal.com\/wp-content\/uploads\/2019\/05\/Icono-Aroma.png\" alt=\"\" width=\"100\" height=\"100\" \/><\/div>\n<\/figure>\n<\/div>\n<div class=\"vc_acf vc_txt_align_center field_5d1c80fc72f2d\">Intenso, frutal y delicado. Con recuerdos a manzana, albaricoque y frutas tropicales. Suaves matices a la flor del magnolio, tostados y crema pastelera.<\/div>\n<\/div>\n<\/div>\n<\/div>\n<div class=\"wpb_column vc_column_container vc_col-sm-4\">\n<div class=\"vc_column-inner vc_custom_1562151295652\">\n<div class=\"wpb_wrapper\">\n<div class=\"wpb_single_image wpb_content_element vc_align_center\">\n<figure class=\"wpb_wrapper vc_figure\">\n<div class=\"vc_single_image-wrapper vc_box_border_grey\"><img loading=\"lazy\" decoding=\"async\" class=\"vc_single_image-img attachment-full\" src=\"http:\/\/chozascarrascal.com\/wp-content\/uploads\/2019\/05\/Icono-sabor.png\" alt=\"\" width=\"100\" height=\"100\" \/><\/div>\n<\/figure>\n<\/div>\n<div class=\"vc_acf vc_txt_align_center field_5d1c810672f2e\">Fresco y voluminoso. Buena estructura, burbuja fina y bien integrada. Acidez equilibrada, persistente y elegante.<\/div>\n<\/div>\n<\/div>\n<\/div>\n<\/div>\n<\/div>\n<\/div>\n<\/div>\n<\/div>\n<div class=\"vc_row wpb_row vc_row-fluid vc_custom_1562151432699\">\n<div class=\"wpb_column vc_column_container vc_col-sm-12\">\n<div class=\"vc_column-inner\">\n<div class=\"wpb_wrapper\">\n<h2><\/h2>\n<h2 class=\"vc_custom_heading\">RECOMENDACIONES<\/h2>\n<div class=\"vc_acf recomendaciones vc_txt_align_center field_5d1c7d7cc1e10\">\n<p>Para apreciar correctamente todo su potencial, se recomienda una temperatura de consumo entre 6-8\u00baC.<br \/>\nEs un Cava ideal para aperitivos, entrantes y comidas ligeras debido a su estructura, acidez y escaso az\u00facar residual. Combina muy bien con pescados blancos como la merluza, el lenguado, el rape, el bacalao, el rodaballo, el congrio y la lubina. Adem\u00e1s tambi\u00e9n puede maridar bien con mariscos, carnes blancas, embutidos ricos en especias, jam\u00f3n ib\u00e9rico, queso de oveja y foie.<br \/>\nCopa de Cata: Flauta.<\/p>\n<\/div>\n<\/div>\n<\/div>\n<\/div>\n<\/div>\n","protected":false},"excerpt":{"rendered":"<p>ELABORACI\u00d3N Vendimia y elaboraci\u00f3n de cada variedad por separado. Vendimia de 6 a 9 de la ma\u00f1ana, en la segunda quincena de agosto. Maceraci\u00f3n pelicular bajo hiperreducci\u00f3n de cada variedad durante 24 horas a baja temperatura. Separaci\u00f3n del mosto flor del prensa. Desfangado leve de los mostos a baja temperatura. Fermentaci\u00f3n a temperatura inferior de [&hellip;]<\/p>\n","protected":false},"featured_media":1228,"template":"","meta":[],"product_brand":[],"product_cat":[42,18],"product_tag":[],"class_list":{"0":"post-64","1":"product","2":"type-product","3":"status-publish","4":"has-post-thumbnail","6":"product_cat-productos","7":"product_cat-denominacion-origen-cava","9":"first","10":"outofstock","11":"taxable","12":"shipping-taxable","13":"purchasable","14":"product-type-simple"},"_links":{"self":[{"href":"https:\/\/chozascarrascal.com\/tienda\/wp-json\/wp\/v2\/product\/64","targetHints":{"allow":["GET"]}}],"collection":[{"href":"https:\/\/chozascarrascal.com\/tienda\/wp-json\/wp\/v2\/product"}],"about":[{"href":"https:\/\/chozascarrascal.com\/tienda\/wp-json\/wp\/v2\/types\/product"}],"wp:featuredmedia":[{"embeddable":true,"href":"https:\/\/chozascarrascal.com\/tienda\/wp-json\/wp\/v2\/media\/1228"}],"wp:attachment":[{"href":"https:\/\/chozascarrascal.com\/tienda\/wp-json\/wp\/v2\/media?parent=64"}],"wp:term":[{"taxonomy":"product_brand","embeddable":true,"href":"https:\/\/chozascarrascal.com\/tienda\/wp-json\/wp\/v2\/product_brand?post=64"},{"taxonomy":"product_cat","embeddable":true,"href":"https:\/\/chozascarrascal.com\/tienda\/wp-json\/wp\/v2\/product_cat?post=64"},{"taxonomy":"product_tag","embeddable":true,"href":"https:\/\/chozascarrascal.com\/tienda\/wp-json\/wp\/v2\/product_tag?post=64"}],"curies":[{"name":"wp","href":"https:\/\/api.w.org\/{rel}","templated":true}]}}