{"id":68,"date":"2020-03-26T12:34:04","date_gmt":"2020-03-26T12:34:04","guid":{"rendered":"https:\/\/chozascarrascal.com\/tienda\/?post_type=product&#038;p=68"},"modified":"2025-12-24T12:55:08","modified_gmt":"2025-12-24T12:55:08","slug":"las-dosces-tinto","status":"publish","type":"product","link":"https:\/\/chozascarrascal.com\/tienda\/producto\/las-dosces-tinto\/","title":{"rendered":"Las Dosces Tinto"},"content":{"rendered":"<section class=\"vc_section\">\n<div class=\"vc_row wpb_row vc_row-fluid vc_custom_1562151421806\">\n<div class=\"wpb_column vc_column_container vc_col-sm-6\">\n<div class=\"vc_column-inner vc_custom_1562151189515\">\n<div class=\"wpb_wrapper\">\n<h2 class=\"vc_custom_heading\">ELABORACI\u00d3N<\/h2>\n<div class=\"vc_acf vc_txt_align_left field_5d1c7c7d13989\">\n<p>Elaboraci\u00f3n en dep\u00f3sitos de hormig\u00f3n c\u00fabicos de 10.000-15.000-20.000 litros. Maceraci\u00f3n pre-fermentativa hasta el comienzo de la fermentaci\u00f3n alcoh\u00f3lica. Los periodos de maceraci\u00f3n oscilan entre los 14 a los 18 d\u00edas. Realizando remontado con aire dos veces al d\u00eda, hasta 1020 de densidad. Se realizan sin aire y tres delestage durante la maceraci\u00f3n a densidades de entre 1070-1040 de la fermentaci\u00f3n alcoh\u00f3lica.<\/p>\n<\/div>\n<\/div>\n<\/div>\n<\/div>\n<div class=\"wpb_column vc_column_container vc_col-sm-6\">\n<div class=\"vc_column-inner vc_custom_1562151197454\">\n<div class=\"wpb_wrapper\">\n<h2 class=\"vc_custom_heading\">VARIEDADES DE UVA<\/h2>\n<div class=\"vc_acf vc_txt_align_left field_5d1c7d68c1e0f\">\n<p>Bobal<\/p>\n<\/div>\n<\/div>\n<\/div>\n<\/div>\n<\/div>\n<\/section>\n<div class=\"vc_row wpb_row vc_row-fluid vc_custom_1562151412695\">\n<div class=\"wpb_column vc_column_container vc_col-sm-12\">\n<div class=\"vc_column-inner\">\n<div class=\"wpb_wrapper\">\n<h2 class=\"vc_custom_heading\">AN\u00c1LISIS SENSORIAL<\/h2>\n<div class=\"vc_row wpb_row vc_inner vc_row-fluid\">\n<div class=\"wpb_column vc_column_container vc_col-sm-4\">\n<div class=\"vc_column-inner vc_custom_1562151285845\">\n<div class=\"wpb_wrapper\">\n<div class=\"wpb_single_image wpb_content_element vc_align_center\">\n<figure class=\"wpb_wrapper vc_figure\">\n<div class=\"vc_single_image-wrapper vc_box_border_grey\"><img loading=\"lazy\" decoding=\"async\" class=\"vc_single_image-img attachment-full\" src=\"http:\/\/chozascarrascal.com\/wp-content\/uploads\/2019\/05\/icono-color.png\" alt=\"\" width=\"100\" height=\"100\" \/><\/div>\n<\/figure>\n<\/div>\n<div class=\"vc_acf vc_txt_align_center field_5d1c80cc72f2c\">Color rojo cereza picota, con ribete que marca notas viol\u00e1ceas denotando juventud. Capa media. L\u00e1grima generosa y aspecto limpio y brillante.<\/div>\n<\/div>\n<\/div>\n<\/div>\n<div class=\"wpb_column vc_column_container vc_col-sm-4\">\n<div class=\"vc_column-inner vc_custom_1562151291476\">\n<div class=\"wpb_wrapper\">\n<div class=\"wpb_single_image wpb_content_element vc_align_center\">\n<figure class=\"wpb_wrapper vc_figure\">\n<div class=\"vc_single_image-wrapper vc_box_border_grey\"><img loading=\"lazy\" decoding=\"async\" class=\"vc_single_image-img attachment-full\" src=\"http:\/\/chozascarrascal.com\/wp-content\/uploads\/2019\/05\/Icono-Aroma.png\" alt=\"\" width=\"100\" height=\"100\" \/><\/div>\n<\/figure>\n<\/div>\n<div class=\"vc_acf vc_txt_align_center field_5d1c80fc72f2d\">Nariz intensa, fresca y elegante. Gran presencia de aromas frutales, acompa\u00f1ados de notas tostadas, torrefactas y ligeros toques bals\u00e1micos.<\/div>\n<\/div>\n<\/div>\n<\/div>\n<div class=\"wpb_column vc_column_container vc_col-sm-4\">\n<div class=\"vc_column-inner vc_custom_1562151295652\">\n<div class=\"wpb_wrapper\">\n<div class=\"wpb_single_image wpb_content_element vc_align_center\">\n<figure class=\"wpb_wrapper vc_figure\">\n<div class=\"vc_single_image-wrapper vc_box_border_grey\"><img loading=\"lazy\" decoding=\"async\" class=\"vc_single_image-img attachment-full\" src=\"http:\/\/chozascarrascal.com\/wp-content\/uploads\/2019\/05\/Icono-sabor.png\" alt=\"\" width=\"100\" height=\"100\" \/><\/div>\n<\/figure>\n<\/div>\n<div class=\"vc_acf vc_txt_align_center field_5d1c810672f2e\">A entrada en boca resalta su frescura, suavidad e intensidad. Tiene un paso de boca amplio, de acidez equilibrada. Retrogusto largo, haciendo recordar principalmente esos matices frutales, tostados y torrefactos.<\/div>\n<\/div>\n<\/div>\n<\/div>\n<\/div>\n<\/div>\n<\/div>\n<\/div>\n<\/div>\n<div class=\"vc_row wpb_row vc_row-fluid vc_custom_1562151432699\">\n<div class=\"wpb_column vc_column_container vc_col-sm-12\">\n<div class=\"vc_column-inner\">\n<div class=\"wpb_wrapper\">\n<h2><\/h2>\n<h2 class=\"vc_custom_heading\">RECOMENDACIONES<\/h2>\n<div class=\"vc_acf recomendaciones vc_txt_align_center field_5d1c7d7cc1e10\">\n<p>Para apreciar correctamente todo su potencial, se recomienda una temperatura de consumo sobre los 14 &#8211; 16\u00ba aproximadamente.<br \/>\nTeniendo en cuenta la semi crianza del vino, la juventud, la carnosidad y sobre todo el car\u00e1cter afrutado del mismo, armoniza en general con pescados azules o grasos de sabor pronunciado y con una consistencia capaz de soportar la estructura y cuerpo de un vino joven.<br \/>\nCopa de Cata: Spiegelau Authentics 01.<\/p>\n<\/div>\n<\/div>\n<\/div>\n<\/div>\n<\/div>\n","protected":false},"excerpt":{"rendered":"<p>ELABORACI\u00d3N Elaboraci\u00f3n en dep\u00f3sitos de hormig\u00f3n c\u00fabicos de 10.000-15.000-20.000 litros. Maceraci\u00f3n pre-fermentativa hasta el comienzo de la fermentaci\u00f3n alcoh\u00f3lica. Los periodos de maceraci\u00f3n oscilan entre los 14 a los 18 d\u00edas. Realizando remontado con aire dos veces al d\u00eda, hasta 1020 de densidad. Se realizan sin aire y tres delestage durante la maceraci\u00f3n a densidades [&hellip;]<\/p>\n","protected":false},"featured_media":1183,"template":"","meta":[],"product_brand":[],"product_cat":[42,17],"product_tag":[],"class_list":{"0":"post-68","1":"product","2":"type-product","3":"status-publish","4":"has-post-thumbnail","6":"product_cat-productos","7":"product_cat-dop-utiel-requena","9":"first","10":"instock","11":"taxable","12":"shipping-taxable","13":"purchasable","14":"product-type-simple"},"_links":{"self":[{"href":"https:\/\/chozascarrascal.com\/tienda\/wp-json\/wp\/v2\/product\/68","targetHints":{"allow":["GET"]}}],"collection":[{"href":"https:\/\/chozascarrascal.com\/tienda\/wp-json\/wp\/v2\/product"}],"about":[{"href":"https:\/\/chozascarrascal.com\/tienda\/wp-json\/wp\/v2\/types\/product"}],"wp:featuredmedia":[{"embeddable":true,"href":"https:\/\/chozascarrascal.com\/tienda\/wp-json\/wp\/v2\/media\/1183"}],"wp:attachment":[{"href":"https:\/\/chozascarrascal.com\/tienda\/wp-json\/wp\/v2\/media?parent=68"}],"wp:term":[{"taxonomy":"product_brand","embeddable":true,"href":"https:\/\/chozascarrascal.com\/tienda\/wp-json\/wp\/v2\/product_brand?post=68"},{"taxonomy":"product_cat","embeddable":true,"href":"https:\/\/chozascarrascal.com\/tienda\/wp-json\/wp\/v2\/product_cat?post=68"},{"taxonomy":"product_tag","embeddable":true,"href":"https:\/\/chozascarrascal.com\/tienda\/wp-json\/wp\/v2\/product_tag?post=68"}],"curies":[{"name":"wp","href":"https:\/\/api.w.org\/{rel}","templated":true}]}}