{"id":800,"date":"2022-12-23T09:21:49","date_gmt":"2022-12-23T09:21:49","guid":{"rendered":"https:\/\/chozascarrascal.com\/tienda\/?post_type=product&#038;p=800"},"modified":"2025-11-20T12:23:42","modified_gmt":"2025-11-20T12:23:42","slug":"chant-des-pierres","status":"publish","type":"product","link":"https:\/\/chozascarrascal.com\/tienda\/producto\/chant-des-pierres\/","title":{"rendered":"Chant des pierres"},"content":{"rendered":"<p>Color rojo granate. En nariz, un elegante perfume de peque\u00f1os frutos negros. En boca, el vino es sutilmente amaderado. Hay aromas de cereza, mora y especias. Los taninos son suaves y el final es de cacao. Un Minervois equilibrado y con car\u00e1cter.<\/p>\n<p><strong>MARIDAJE:<\/strong> Ideal para acompa\u00f1ar tapas, una tabla de embutidos o quesos, para acompa\u00f1ar platos de caza, carnes rojas, o incluso platos ligeramente picantes.<\/p>\n","protected":false},"excerpt":{"rendered":"<p>Color rojo granate. En nariz, un elegante perfume de peque\u00f1os frutos negros. En boca, el vino es sutilmente amaderado. Hay aromas de cereza, mora y especias. Los taninos son suaves y el final es de cacao. Un Minervois equilibrado y con car\u00e1cter. MARIDAJE: Ideal para acompa\u00f1ar tapas, una tabla de embutidos o quesos, para acompa\u00f1ar [&hellip;]<\/p>\n","protected":false},"featured_media":799,"template":"","meta":[],"product_brand":[],"product_cat":[42,19],"product_tag":[],"class_list":{"0":"post-800","1":"product","2":"type-product","3":"status-publish","4":"has-post-thumbnail","6":"product_cat-productos","7":"product_cat-domaine-de-montahuc","9":"first","10":"instock","11":"taxable","12":"shipping-taxable","13":"purchasable","14":"product-type-simple"},"_links":{"self":[{"href":"https:\/\/chozascarrascal.com\/tienda\/wp-json\/wp\/v2\/product\/800","targetHints":{"allow":["GET"]}}],"collection":[{"href":"https:\/\/chozascarrascal.com\/tienda\/wp-json\/wp\/v2\/product"}],"about":[{"href":"https:\/\/chozascarrascal.com\/tienda\/wp-json\/wp\/v2\/types\/product"}],"wp:featuredmedia":[{"embeddable":true,"href":"https:\/\/chozascarrascal.com\/tienda\/wp-json\/wp\/v2\/media\/799"}],"wp:attachment":[{"href":"https:\/\/chozascarrascal.com\/tienda\/wp-json\/wp\/v2\/media?parent=800"}],"wp:term":[{"taxonomy":"product_brand","embeddable":true,"href":"https:\/\/chozascarrascal.com\/tienda\/wp-json\/wp\/v2\/product_brand?post=800"},{"taxonomy":"product_cat","embeddable":true,"href":"https:\/\/chozascarrascal.com\/tienda\/wp-json\/wp\/v2\/product_cat?post=800"},{"taxonomy":"product_tag","embeddable":true,"href":"https:\/\/chozascarrascal.com\/tienda\/wp-json\/wp\/v2\/product_tag?post=800"}],"curies":[{"name":"wp","href":"https:\/\/api.w.org\/{rel}","templated":true}]}}