{"id":89,"date":"2020-03-30T15:39:37","date_gmt":"2020-03-30T15:39:37","guid":{"rendered":"https:\/\/chozascarrascal.com\/tienda\/?post_type=product&#038;p=89"},"modified":"2025-11-20T12:29:59","modified_gmt":"2025-11-20T12:29:59","slug":"aceite-mirall-de-la-terra-lata-250cl","status":"publish","type":"product","link":"https:\/\/chozascarrascal.com\/tienda\/producto\/aceite-mirall-de-la-terra-lata-250cl\/","title":{"rendered":"Aceite Mirall de la Terra &#8211; Lata 250cl"},"content":{"rendered":"<h3 class=\"vc_custom_heading vc_custom_1561646579447\">MIRALL DE LA TERRA<\/h3>\n<div class=\"wpb_text_column wpb_content_element\">\n<div class=\"wpb_wrapper\">\n<p>Aunque no sea definitorio su aspecto visual, nuestro aceite de cornicabra deslumbra por su color verde intenso y brillante. De car\u00e1cter arom\u00e1tico, en \u00e9l se aprecian recuerdos a tomate, hierbas de monte y alcachofas, acompa\u00f1ados de un fondo a frutos secos, elegante y sugerente. En boca posee un excelente equilibrio entre su ligero dulzor al comienzo y su posterior trasfondo amargo y ligeramente picante al final.<\/p>\n<\/div>\n<\/div>\n","protected":false},"excerpt":{"rendered":"<p>MIRALL DE LA TERRA Aunque no sea definitorio su aspecto visual, nuestro aceite de cornicabra deslumbra por su color verde intenso y brillante. De car\u00e1cter arom\u00e1tico, en \u00e9l se aprecian recuerdos a tomate, hierbas de monte y alcachofas, acompa\u00f1ados de un fondo a frutos secos, elegante y sugerente. En boca posee un excelente equilibrio entre [&hellip;]<\/p>\n","protected":false},"featured_media":142,"template":"","meta":[],"product_brand":[],"product_cat":[42,22],"product_tag":[],"class_list":{"0":"post-89","1":"product","2":"type-product","3":"status-publish","4":"has-post-thumbnail","6":"product_cat-productos","7":"product_cat-aceite-mirall-de-la-terra","9":"first","10":"instock","11":"taxable","12":"shipping-taxable","13":"purchasable","14":"product-type-simple"},"_links":{"self":[{"href":"https:\/\/chozascarrascal.com\/tienda\/wp-json\/wp\/v2\/product\/89","targetHints":{"allow":["GET"]}}],"collection":[{"href":"https:\/\/chozascarrascal.com\/tienda\/wp-json\/wp\/v2\/product"}],"about":[{"href":"https:\/\/chozascarrascal.com\/tienda\/wp-json\/wp\/v2\/types\/product"}],"wp:featuredmedia":[{"embeddable":true,"href":"https:\/\/chozascarrascal.com\/tienda\/wp-json\/wp\/v2\/media\/142"}],"wp:attachment":[{"href":"https:\/\/chozascarrascal.com\/tienda\/wp-json\/wp\/v2\/media?parent=89"}],"wp:term":[{"taxonomy":"product_brand","embeddable":true,"href":"https:\/\/chozascarrascal.com\/tienda\/wp-json\/wp\/v2\/product_brand?post=89"},{"taxonomy":"product_cat","embeddable":true,"href":"https:\/\/chozascarrascal.com\/tienda\/wp-json\/wp\/v2\/product_cat?post=89"},{"taxonomy":"product_tag","embeddable":true,"href":"https:\/\/chozascarrascal.com\/tienda\/wp-json\/wp\/v2\/product_tag?post=89"}],"curies":[{"name":"wp","href":"https:\/\/api.w.org\/{rel}","templated":true}]}}